{"id":3291,"date":"2026-02-03T11:25:39","date_gmt":"2026-02-03T11:25:39","guid":{"rendered":"https:\/\/planeto.be\/product\/leer-en-stofreiniger-250-ml\/"},"modified":"2026-02-10T07:54:52","modified_gmt":"2026-02-10T07:54:52","slug":"leer-en-stofreiniger-250-ml","status":"publish","type":"product","link":"https:\/\/planeto.be\/fr\/produit\/leer-en-stofreiniger-250-ml\/","title":{"rendered":"Planeto Nettoyant pour cuir et poussi\u00e8re 250 ml"},"content":{"rendered":"<p>Ce nettoyant universel pour le cuir et le tissu a \u00e9t\u00e9 sp\u00e9cialement con\u00e7u gr\u00e2ce aux efforts conjoints de notre \u00e9quipe de recherche et d\u00e9veloppement et de nos fournisseurs, afin de pr\u00e9server vos meubles en cuir et en tissu. Ce nettoyant universel est donc indispensable pour vos meubles !<\/p>\n<\/p>\n<p>Ce produit de nettoyage pour cuir et tissu \u00e9limine facilement la salet\u00e9, la graisse et les autres taches de vos meubles. Le nettoyant les garde propres et beaux dans toutes les conditions, et leur assure \u00e9galement une longue dur\u00e9e de vie. De plus, le produit utilise des enzymes naturelles pour oxyg\u00e9ner les bulles qui d\u00e9composent la salet\u00e9. Cela ne nuit ni \u00e0 l'homme ni \u00e0 l'environnement ! En outre, le nettoyant pour meubles convient \u00e9galement \u00e0 diff\u00e9rents types de tissus d'ameublement, de tapis, de si\u00e8ges de voiture, de housses de si\u00e8ges de voiture, de fauteuils et de canap\u00e9s.<\/p>\n<ul>\n<li>Couleur : brun et blanc<\/li>\n<li>Contenu : 250 ml<\/li>\n<li>Avec buse<\/li>\n<li>Manuel inclus<\/li>\n<\/ul>","protected":false},"excerpt":{"rendered":"<ul>\n<li>Couleur : brun et blanc<\/li>\n<li>Contenu : 250 ml<\/li>\n<li>Avec buse<\/li>\n<li>Manuel inclus<\/li>\n<\/ul>","protected":false},"featured_media":3289,"comment_status":"open","ping_status":"closed","template":"","meta":[],"product_brand":[],"product_cat":[1354,54],"product_tag":[1044,1045],"class_list":{"0":"post-3291","1":"product","2":"type-product","3":"status-publish","4":"has-post-thumbnail","6":"product_cat-huishouden","7":"product_cat-meubelreinigers","8":"product_tag-leer","9":"product_tag-stofreiniger","11":"first","12":"instock","13":"shipping-taxable","14":"purchasable","15":"product-type-simple"},"_links":{"self":[{"href":"https:\/\/planeto.be\/fr\/wp-json\/wp\/v2\/product\/3291","targetHints":{"allow":["GET"]}}],"collection":[{"href":"https:\/\/planeto.be\/fr\/wp-json\/wp\/v2\/product"}],"about":[{"href":"https:\/\/planeto.be\/fr\/wp-json\/wp\/v2\/types\/product"}],"replies":[{"embeddable":true,"href":"https:\/\/planeto.be\/fr\/wp-json\/wp\/v2\/comments?post=3291"}],"version-history":[{"count":1,"href":"https:\/\/planeto.be\/fr\/wp-json\/wp\/v2\/product\/3291\/revisions"}],"predecessor-version":[{"id":7884,"href":"https:\/\/planeto.be\/fr\/wp-json\/wp\/v2\/product\/3291\/revisions\/7884"}],"wp:featuredmedia":[{"embeddable":true,"href":"https:\/\/planeto.be\/fr\/wp-json\/wp\/v2\/media\/3289"}],"wp:attachment":[{"href":"https:\/\/planeto.be\/fr\/wp-json\/wp\/v2\/media?parent=3291"}],"wp:term":[{"taxonomy":"product_brand","embeddable":true,"href":"https:\/\/planeto.be\/fr\/wp-json\/wp\/v2\/product_brand?post=3291"},{"taxonomy":"product_cat","embeddable":true,"href":"https:\/\/planeto.be\/fr\/wp-json\/wp\/v2\/product_cat?post=3291"},{"taxonomy":"product_tag","embeddable":true,"href":"https:\/\/planeto.be\/fr\/wp-json\/wp\/v2\/product_tag?post=3291"}],"curies":[{"name":"wp","href":"https:\/\/api.w.org\/{rel}","templated":true}]}}