{"id":3283,"date":"2026-02-03T11:25:38","date_gmt":"2026-02-03T11:25:38","guid":{"rendered":"https:\/\/planeto.be\/product\/houtreiniger-en-verfrisser-250-ml\/"},"modified":"2026-02-10T07:54:52","modified_gmt":"2026-02-10T07:54:52","slug":"houtreiniger-en-verfrisser-250-ml","status":"publish","type":"product","link":"https:\/\/planeto.be\/fr\/produit\/houtreiniger-en-verfrisser-250-ml\/","title":{"rendered":"Planeto Nettoyant et rafra\u00eechissant pour le bois 250 ml"},"content":{"rendered":"<p>Ce nettoyant pour bois est un excellent choix pour maintenir vos meubles en bois en parfait \u00e9tat.<\/p>\n<\/p>\n<p>Ce rafra\u00eechisseur de bois est un nettoyant doux qui donne au bois une sensation de fra\u00eecheur et de propret\u00e9. Le nettoyant est \u00e0 base d'eau et peut \u00e9liminer efficacement et en douceur la salet\u00e9, la suie, les taches de nourriture et de boisson, les empreintes digitales et les taches de graisse. Ce nettoyant contribue \u00e9galement \u00e0 prot\u00e9ger et \u00e0 renforcer la beaut\u00e9 naturelle de vos meubles en bois.<\/p>\n<ul>\n<li>Couleur : brun et blanc<\/li>\n<li>Contenu : 250 ml<\/li>\n<li>Avec buse<\/li>\n<li>Manuel inclus<\/li>\n<\/ul>\n<p> \/ Mode d'emploi et pr\u00e9cautions d'emploi : se r\u00e9f\u00e9rer au livret d'information fourni avec le kit. Contient (R\u00e8glement (CE) n\u00b0 648 \/ 2004) : moins de 5% tensioactifs non ioniques. Conservateurs : m\u00e9thylchlorothiazolinone, m\u00e9thylisothiazolinone, bronopol, parfums. EUH210 Fiche de donn\u00e9es de s\u00e9curit\u00e9 disponible sur demande. EUH208 Contient une masse r\u00e9actionnelle d'isothiazolinones. Peut provoquer une r\u00e9action allergique. Produit contenant des biocides. Principe actif : C(M)IT\/MIT (3:1). <a title=\"https:\/\/vdxl.im\/8720286507247_doc_en_1.pdf?t=1745407847\" href=\"https:\/\/vdxl.im\/8720286507247_doc_en_1.pdf?t=1745407847\" target=\"_blank\">GPSR<\/a><\/p>","protected":false},"excerpt":{"rendered":"<ul>\n<li>Couleur : brun et blanc<\/li>\n<li>Contenu : 250 ml<\/li>\n<li>Avec buse<\/li>\n<li>Manuel inclus<\/li>\n<\/ul>","protected":false},"featured_media":3281,"comment_status":"open","ping_status":"closed","template":"","meta":[],"product_brand":[],"product_cat":[1354,54],"product_tag":[1042,1043],"class_list":{"0":"post-3283","1":"product","2":"type-product","3":"status-publish","4":"has-post-thumbnail","6":"product_cat-huishouden","7":"product_cat-meubelreinigers","8":"product_tag-houtreiniger","9":"product_tag-verfrisser","11":"first","12":"instock","13":"shipping-taxable","14":"purchasable","15":"product-type-simple"},"_links":{"self":[{"href":"https:\/\/planeto.be\/fr\/wp-json\/wp\/v2\/product\/3283","targetHints":{"allow":["GET"]}}],"collection":[{"href":"https:\/\/planeto.be\/fr\/wp-json\/wp\/v2\/product"}],"about":[{"href":"https:\/\/planeto.be\/fr\/wp-json\/wp\/v2\/types\/product"}],"replies":[{"embeddable":true,"href":"https:\/\/planeto.be\/fr\/wp-json\/wp\/v2\/comments?post=3283"}],"version-history":[{"count":1,"href":"https:\/\/planeto.be\/fr\/wp-json\/wp\/v2\/product\/3283\/revisions"}],"predecessor-version":[{"id":7882,"href":"https:\/\/planeto.be\/fr\/wp-json\/wp\/v2\/product\/3283\/revisions\/7882"}],"wp:featuredmedia":[{"embeddable":true,"href":"https:\/\/planeto.be\/fr\/wp-json\/wp\/v2\/media\/3281"}],"wp:attachment":[{"href":"https:\/\/planeto.be\/fr\/wp-json\/wp\/v2\/media?parent=3283"}],"wp:term":[{"taxonomy":"product_brand","embeddable":true,"href":"https:\/\/planeto.be\/fr\/wp-json\/wp\/v2\/product_brand?post=3283"},{"taxonomy":"product_cat","embeddable":true,"href":"https:\/\/planeto.be\/fr\/wp-json\/wp\/v2\/product_cat?post=3283"},{"taxonomy":"product_tag","embeddable":true,"href":"https:\/\/planeto.be\/fr\/wp-json\/wp\/v2\/product_tag?post=3283"}],"curies":[{"name":"wp","href":"https:\/\/api.w.org\/{rel}","templated":true}]}}