{"id":3247,"date":"2026-02-03T11:25:24","date_gmt":"2026-02-03T11:25:24","guid":{"rendered":"https:\/\/planeto.be\/product\/vloerkleed-handgemaakt-120-cm-gevlochten-jute\/"},"modified":"2026-02-10T08:11:56","modified_gmt":"2026-02-10T08:11:56","slug":"vloerkleed-handgemaakt-120-cm-gevlochten-jute","status":"publish","type":"product","link":"https:\/\/planeto.be\/fr\/produit\/vloerkleed-handgemaakt-120-cm-gevlochten-jute\/","title":{"rendered":"Planeto Tapis fait main 120 cm jute tress\u00e9"},"content":{"rendered":"<p>Ajoutez une touche naturelle \u00e0 votre int\u00e9rieur avec notre tapis de jute tress\u00e9 ! Ce magnifique tapis est fabriqu\u00e9 \u00e0 la main par des artisans qualifi\u00e9s, avec un savoir-faire exceptionnel, ce qui rend chaque tapis unique.<\/p>\n<\/p>\n<p>Le jute est un mat\u00e9riau naturel et solide, doux au toucher, durable et n\u00e9cessitant peu d'entretien. Ce tapis en jute tiss\u00e9 ajoutera une touche chic \u00e0 votre pi\u00e8ce gr\u00e2ce \u00e0 son motif traditionnel. Veuillez noter que chaque tapis est unique ; des variations de couleur et de dessin peuvent se produire car le produit est fabriqu\u00e9 \u00e0 la main. La livraison est al\u00e9atoire.<\/p>\n<\/p>\n<p>Remarque importante : nos tapis sont emball\u00e9s en rouleaux pour faciliter le transport. Veuillez laisser au produit le temps de se redresser et de s'aplatir.<\/p>\n<ul>\n<li>Couleur : naturel<\/li>\n<li>Mat\u00e9riau : jute tress\u00e9<\/li>\n<li>Diam\u00e8tre : 120 cm<\/li>\n<li>Fait \u00e0 la main, chaque pi\u00e8ce est unique<\/li>\n<li>Texture attrayante<\/li>\n<\/ul>","protected":false},"excerpt":{"rendered":"<ul>\n<li>Couleur : naturel<\/li>\n<li>Mat\u00e9riau : jute tress\u00e9<\/li>\n<li>Diam\u00e8tre : 120 cm<\/li>\n<li>Fait \u00e0 la main, chaque pi\u00e8ce est unique<\/li>\n<li>Texture attrayante<\/li>\n<\/ul>","protected":false},"featured_media":3246,"comment_status":"open","ping_status":"closed","template":"","meta":[],"product_brand":[],"product_cat":[1355,392],"product_tag":[1011,1030,400,411,397],"class_list":{"0":"post-3247","1":"product","2":"type-product","3":"status-publish","4":"has-post-thumbnail","6":"product_cat-decoratie","7":"product_cat-vloerkleden","8":"product_tag-120cm","9":"product_tag-gevlochten","10":"product_tag-handgemaakt","11":"product_tag-jute","12":"product_tag-vloerkleed","14":"first","15":"instock","16":"shipping-taxable","17":"purchasable","18":"product-type-simple"},"_links":{"self":[{"href":"https:\/\/planeto.be\/fr\/wp-json\/wp\/v2\/product\/3247","targetHints":{"allow":["GET"]}}],"collection":[{"href":"https:\/\/planeto.be\/fr\/wp-json\/wp\/v2\/product"}],"about":[{"href":"https:\/\/planeto.be\/fr\/wp-json\/wp\/v2\/types\/product"}],"replies":[{"embeddable":true,"href":"https:\/\/planeto.be\/fr\/wp-json\/wp\/v2\/comments?post=3247"}],"version-history":[{"count":2,"href":"https:\/\/planeto.be\/fr\/wp-json\/wp\/v2\/product\/3247\/revisions"}],"predecessor-version":[{"id":7876,"href":"https:\/\/planeto.be\/fr\/wp-json\/wp\/v2\/product\/3247\/revisions\/7876"}],"wp:featuredmedia":[{"embeddable":true,"href":"https:\/\/planeto.be\/fr\/wp-json\/wp\/v2\/media\/3246"}],"wp:attachment":[{"href":"https:\/\/planeto.be\/fr\/wp-json\/wp\/v2\/media?parent=3247"}],"wp:term":[{"taxonomy":"product_brand","embeddable":true,"href":"https:\/\/planeto.be\/fr\/wp-json\/wp\/v2\/product_brand?post=3247"},{"taxonomy":"product_cat","embeddable":true,"href":"https:\/\/planeto.be\/fr\/wp-json\/wp\/v2\/product_cat?post=3247"},{"taxonomy":"product_tag","embeddable":true,"href":"https:\/\/planeto.be\/fr\/wp-json\/wp\/v2\/product_tag?post=3247"}],"curies":[{"name":"wp","href":"https:\/\/api.w.org\/{rel}","templated":true}]}}