{"id":3126,"date":"2026-02-03T11:24:34","date_gmt":"2026-02-03T11:24:34","guid":{"rendered":"https:\/\/planeto.be\/product\/vloerkleed-handgemaakt-met-print-polkadot-90-cm-jute\/"},"modified":"2026-02-10T08:11:57","modified_gmt":"2026-02-10T08:11:57","slug":"vloerkleed-handgemaakt-met-print-polkadot-90-cm-jute","status":"publish","type":"product","link":"https:\/\/planeto.be\/fr\/produit\/vloerkleed-handgemaakt-met-print-polkadot-90-cm-jute\/","title":{"rendered":"Planeto Tapis fait main \u00e0 pois 90 cm jute"},"content":{"rendered":"<p>Ajoutez une touche naturelle \u00e0 votre int\u00e9rieur avec notre tapis de jute tress\u00e9 ! Ce magnifique tapis de sol est tiss\u00e9 \u00e0 la main par des artisans qualifi\u00e9s avec un savoir-faire exceptionnel, ce qui lui permet de s'int\u00e9grer parfaitement \u00e0 votre int\u00e9rieur.<\/p>\n<\/p>\n<p>Le jute est un mat\u00e9riau naturel et solide, doux au toucher, durable et n\u00e9cessitant peu d'entretien. Imprim\u00e9 d'un motif moderne \u00e0 pois, ce tapis ajoutera une touche ludique \u00e0 n'importe quelle pi\u00e8ce. Veuillez noter que chaque tapis est unique ; des variations de couleur et de dessin peuvent se produire car le produit est fabriqu\u00e9 \u00e0 la main. La livraison est al\u00e9atoire.<\/p>\n<\/p>\n<p>Remarque importante : nos tapis sont emball\u00e9s en rouleaux pour faciliter le transport. Veuillez laisser au produit le temps de se redresser et de s'aplatir.<\/p>\n<ul>\n<li>Couleur : naturel et noir \u00e0 pois<\/li>\n<li>Mat\u00e9riau : jute tress\u00e9<\/li>\n<li>Diam\u00e8tre : 90 cm<\/li>\n<li>Fait \u00e0 la main<\/li>\n<li>Texture attrayante<\/li>\n<\/ul>","protected":false},"excerpt":{"rendered":"<ul>\n<li>Couleur : naturel et noir \u00e0 pois<\/li>\n<li>Mat\u00e9riau : jute tress\u00e9<\/li>\n<li>Diam\u00e8tre : 90 cm<\/li>\n<li>Fait \u00e0 la main<\/li>\n<li>Texture attrayante<\/li>\n<\/ul>","protected":false},"featured_media":3125,"comment_status":"open","ping_status":"closed","template":"","meta":[],"product_brand":[],"product_cat":[1355,392],"product_tag":[1010,400,411,1024,1023,397],"class_list":{"0":"post-3126","1":"product","2":"type-product","3":"status-publish","4":"has-post-thumbnail","6":"product_cat-decoratie","7":"product_cat-vloerkleden","8":"product_tag-90cm","9":"product_tag-handgemaakt","10":"product_tag-jute","11":"product_tag-polkadot","12":"product_tag-print","13":"product_tag-vloerkleed","15":"first","16":"instock","17":"shipping-taxable","18":"purchasable","19":"product-type-simple"},"_links":{"self":[{"href":"https:\/\/planeto.be\/fr\/wp-json\/wp\/v2\/product\/3126","targetHints":{"allow":["GET"]}}],"collection":[{"href":"https:\/\/planeto.be\/fr\/wp-json\/wp\/v2\/product"}],"about":[{"href":"https:\/\/planeto.be\/fr\/wp-json\/wp\/v2\/types\/product"}],"replies":[{"embeddable":true,"href":"https:\/\/planeto.be\/fr\/wp-json\/wp\/v2\/comments?post=3126"}],"version-history":[{"count":2,"href":"https:\/\/planeto.be\/fr\/wp-json\/wp\/v2\/product\/3126\/revisions"}],"predecessor-version":[{"id":7856,"href":"https:\/\/planeto.be\/fr\/wp-json\/wp\/v2\/product\/3126\/revisions\/7856"}],"wp:featuredmedia":[{"embeddable":true,"href":"https:\/\/planeto.be\/fr\/wp-json\/wp\/v2\/media\/3125"}],"wp:attachment":[{"href":"https:\/\/planeto.be\/fr\/wp-json\/wp\/v2\/media?parent=3126"}],"wp:term":[{"taxonomy":"product_brand","embeddable":true,"href":"https:\/\/planeto.be\/fr\/wp-json\/wp\/v2\/product_brand?post=3126"},{"taxonomy":"product_cat","embeddable":true,"href":"https:\/\/planeto.be\/fr\/wp-json\/wp\/v2\/product_cat?post=3126"},{"taxonomy":"product_tag","embeddable":true,"href":"https:\/\/planeto.be\/fr\/wp-json\/wp\/v2\/product_tag?post=3126"}],"curies":[{"name":"wp","href":"https:\/\/api.w.org\/{rel}","templated":true}]}}