{"id":2993,"date":"2026-02-03T11:23:39","date_gmt":"2026-02-03T11:23:39","guid":{"rendered":"https:\/\/planeto.be\/product\/vloerkleed-120x180-cm-handgeweven-jute-natuurlijk\/"},"modified":"2026-02-10T08:11:57","modified_gmt":"2026-02-10T08:11:57","slug":"vloerkleed-120x180-cm-handgeweven-jute-natuurlijk","status":"publish","type":"product","link":"https:\/\/planeto.be\/fr\/produit\/vloerkleed-120x180-cm-handgeweven-jute-natuurlijk\/","title":{"rendered":"Planeto Tapis 120\u00d7180 cm jute tress\u00e9 \u00e0 la main naturel"},"content":{"rendered":"<p>Donnez \u00e0 votre int\u00e9rieur un aspect moderne et naturel avec notre tapis de jute tiss\u00e9 \u00e0 la main !<\/p>\n<\/p>\n<p>Le jute est une fibre naturellement r\u00e9sistante mais souple, douce au toucher et de couleur naturelle. Le tapis s'int\u00e8gre parfaitement dans n'importe quelle pi\u00e8ce.<\/p>\n<\/p>\n<p>Remarque : nos tapis sont emball\u00e9s en rouleaux pour faciliter le transport. Laissez au produit le temps de devenir droit et plat.<\/p>\n<ul>\n<li>Couleur : naturel<\/li>\n<li>Mati\u00e8re : jute 90% et coton 10%<\/li>\n<li>Dimensions : 120 x 180 cm (L x L)<\/li>\n<li>Doux au toucher<\/li>\n<li>Fait \u00e0 la main, chaque pi\u00e8ce est unique<\/li>\n<li>Avec des fibres de jute naturelles et durables<\/li>\n<li>Uniquement les endroits propres<\/li>\n<\/ul>","protected":false},"excerpt":{"rendered":"<ul>\n<li>Couleur : naturel<\/li>\n<li>Mati\u00e8re : jute 90% et coton 10%<\/li>\n<li>Dimensions : 120 x 180 cm (L x L)<\/li>\n<li>Doux au toucher<\/li>\n<li>Fait \u00e0 la main, chaque pi\u00e8ce est unique<\/li>\n<li>Avec des fibres de jute naturelles et durables<\/li>\n<li>Uniquement les endroits propres<\/li>\n<\/ul>","protected":false},"featured_media":2992,"comment_status":"open","ping_status":"closed","template":"","meta":[],"product_brand":[],"product_cat":[1355,392],"product_tag":[1007,1006,411,950,397],"class_list":{"0":"post-2993","1":"product","2":"type-product","3":"status-publish","4":"has-post-thumbnail","6":"product_cat-decoratie","7":"product_cat-vloerkleden","8":"product_tag-120x180","9":"product_tag-handgeweven","10":"product_tag-jute","11":"product_tag-natuurlijk","12":"product_tag-vloerkleed","14":"first","15":"instock","16":"shipping-taxable","17":"purchasable","18":"product-type-simple"},"_links":{"self":[{"href":"https:\/\/planeto.be\/fr\/wp-json\/wp\/v2\/product\/2993","targetHints":{"allow":["GET"]}}],"collection":[{"href":"https:\/\/planeto.be\/fr\/wp-json\/wp\/v2\/product"}],"about":[{"href":"https:\/\/planeto.be\/fr\/wp-json\/wp\/v2\/types\/product"}],"replies":[{"embeddable":true,"href":"https:\/\/planeto.be\/fr\/wp-json\/wp\/v2\/comments?post=2993"}],"version-history":[{"count":2,"href":"https:\/\/planeto.be\/fr\/wp-json\/wp\/v2\/product\/2993\/revisions"}],"predecessor-version":[{"id":7837,"href":"https:\/\/planeto.be\/fr\/wp-json\/wp\/v2\/product\/2993\/revisions\/7837"}],"wp:featuredmedia":[{"embeddable":true,"href":"https:\/\/planeto.be\/fr\/wp-json\/wp\/v2\/media\/2992"}],"wp:attachment":[{"href":"https:\/\/planeto.be\/fr\/wp-json\/wp\/v2\/media?parent=2993"}],"wp:term":[{"taxonomy":"product_brand","embeddable":true,"href":"https:\/\/planeto.be\/fr\/wp-json\/wp\/v2\/product_brand?post=2993"},{"taxonomy":"product_cat","embeddable":true,"href":"https:\/\/planeto.be\/fr\/wp-json\/wp\/v2\/product_cat?post=2993"},{"taxonomy":"product_tag","embeddable":true,"href":"https:\/\/planeto.be\/fr\/wp-json\/wp\/v2\/product_tag?post=2993"}],"curies":[{"name":"wp","href":"https:\/\/api.w.org\/{rel}","templated":true}]}}