{"id":2981,"date":"2026-02-03T11:13:59","date_gmt":"2026-02-03T11:13:59","guid":{"rendered":"https:\/\/planeto.be\/product\/droogrek-83x50-55x40-85-cm-aluminium\/"},"modified":"2026-02-10T07:55:05","modified_gmt":"2026-02-10T07:55:05","slug":"droogrek-83x50-55x40-85-cm-aluminium","status":"publish","type":"product","link":"https:\/\/planeto.be\/fr\/produit\/droogrek-83x50-55x40-85-cm-aluminium\/","title":{"rendered":"Planeto S\u00e9choir 83x(50-55)x(40-85) cm aluminium"},"content":{"rendered":"<p>Robuste et stable, cet \u00e9tendoir \u00e0 linge classique offre suffisamment d'espace pour suspendre le linge \u00e0 s\u00e9cher.<\/p>\n<\/p>\n<ul>\n<li>Mat\u00e9riau durable : l'aluminium est l\u00e9ger et solide. Il r\u00e9siste \u00e0 la rouille et poss\u00e8de une couche d'oxydation autoprotectrice. Le s\u00e8che-linge est fabriqu\u00e9 en aluminium, ce qui le rend tr\u00e8s durable.<\/li>\n<li>Grand espace de suspension : cet \u00e9tendoir peut s\u00e9cher un grand nombre de v\u00eatements en m\u00eame temps, et les v\u00eatements peuvent \u00eatre \u00e9tendus pour s\u00e9cher \u00e0 plat.<\/li>\n<li>Conception r\u00e9glable : la longueur de suspension de ce support de s\u00e9chage peut \u00eatre ajust\u00e9e pour r\u00e9pondre \u00e0 diff\u00e9rents besoins ou environnements de s\u00e9chage.<\/li>\n<\/ul>\n<ul>\n<li>Couleur : argent<\/li>\n<li>Mat\u00e9riau : aluminium<\/li>\n<li>Dimensions : 83 x (50-55) x (40-85) cm (L x L x H)<\/li>\n<li>Longueur totale de la suspension : 11 m<\/li>\n<li>Montage n\u00e9cessaire : oui<\/li>\n<\/ul>","protected":false},"excerpt":{"rendered":"<ul>\n<li>Couleur : argent<\/li>\n<li>Mat\u00e9riau : aluminium<\/li>\n<li>Dimensions : 83 x (50-55) x (40-85) cm (L x L x H)<\/li>\n<li>Longueur totale de la suspension : 11 m<\/li>\n<li>Montage n\u00e9cessaire : oui<\/li>\n<\/ul>","protected":false},"featured_media":2980,"comment_status":"open","ping_status":"closed","template":"","meta":[],"product_brand":[],"product_cat":[53,1354],"product_tag":[1005,1004],"class_list":{"0":"post-2981","1":"product","2":"type-product","3":"status-publish","4":"has-post-thumbnail","6":"product_cat-droogrekken","7":"product_cat-huishouden","8":"product_tag-aluminium","9":"product_tag-droogrek","11":"first","12":"instock","13":"shipping-taxable","14":"purchasable","15":"product-type-simple"},"_links":{"self":[{"href":"https:\/\/planeto.be\/fr\/wp-json\/wp\/v2\/product\/2981","targetHints":{"allow":["GET"]}}],"collection":[{"href":"https:\/\/planeto.be\/fr\/wp-json\/wp\/v2\/product"}],"about":[{"href":"https:\/\/planeto.be\/fr\/wp-json\/wp\/v2\/types\/product"}],"replies":[{"embeddable":true,"href":"https:\/\/planeto.be\/fr\/wp-json\/wp\/v2\/comments?post=2981"}],"version-history":[{"count":1,"href":"https:\/\/planeto.be\/fr\/wp-json\/wp\/v2\/product\/2981\/revisions"}],"predecessor-version":[{"id":7836,"href":"https:\/\/planeto.be\/fr\/wp-json\/wp\/v2\/product\/2981\/revisions\/7836"}],"wp:featuredmedia":[{"embeddable":true,"href":"https:\/\/planeto.be\/fr\/wp-json\/wp\/v2\/media\/2980"}],"wp:attachment":[{"href":"https:\/\/planeto.be\/fr\/wp-json\/wp\/v2\/media?parent=2981"}],"wp:term":[{"taxonomy":"product_brand","embeddable":true,"href":"https:\/\/planeto.be\/fr\/wp-json\/wp\/v2\/product_brand?post=2981"},{"taxonomy":"product_cat","embeddable":true,"href":"https:\/\/planeto.be\/fr\/wp-json\/wp\/v2\/product_cat?post=2981"},{"taxonomy":"product_tag","embeddable":true,"href":"https:\/\/planeto.be\/fr\/wp-json\/wp\/v2\/product_tag?post=2981"}],"curies":[{"name":"wp","href":"https:\/\/api.w.org\/{rel}","templated":true}]}}