{"id":2959,"date":"2026-02-03T11:13:31","date_gmt":"2026-02-03T11:13:31","guid":{"rendered":"https:\/\/planeto.be\/product\/oppottafel-met-schappen-825x50x1095-cm-massief-douglashout-2\/"},"modified":"2026-02-09T21:10:45","modified_gmt":"2026-02-09T21:10:45","slug":"oppottafel-met-schappen-825x50x1095-cm-massief-douglashout-2","status":"publish","type":"product","link":"https:\/\/planeto.be\/fr\/produit\/oppottafel-met-schappen-825x50x1095-cm-massief-douglashout-2\/","title":{"rendered":"Planeto Table de rempotage avec \u00e9tag\u00e8res 82.5x50x109.5 cm douglas massif"},"content":{"rendered":"<p>Cette table de rempotage en bois est parfaite pour placer et pr\u00e9senter vos plantes, \u00e0 la maison, dans votre jardin ou sur votre terrasse.<\/p>\n<\/p>\n<ul>\n<li>Bois de douglas massif : la table de rempotage est fabriqu\u00e9e en bois de douglas massif pour plus de solidit\u00e9 et de stabilit\u00e9. Le douglas massif est une essence de bois tr\u00e8s durable qui convient parfaitement \u00e0 une utilisation en ext\u00e9rieur. Le douglas reste \u00e9galement tr\u00e8s solide avec un minimum d'entretien, m\u00eame sous l'influence des intemp\u00e9ries.<\/li>\n<li>Beaucoup d'espace de rangement : la table de travail de jardin avec armoire de rangement offre beaucoup d'espace pour vos fournitures, telles que les petits outils de jardinage, la terre, les engrais, etc.<\/li>\n<li>Ventil\u00e9e : l'\u00e9tag\u00e8re inf\u00e9rieure \u00e0 lattes laisse passer l'eau, ce qui \u00e9vite qu'elle ne pourrisse facilement et lui conf\u00e8re une longue dur\u00e9e de vie.<\/li>\n<li>Utilisations multiples : la table de travail de jardin n'apporte pas seulement un sentiment de nature \u00e0 votre environnement, mais est \u00e9galement un compl\u00e9ment parfait pour votre cour, votre jardin, votre serre et plus encore.<\/li>\n<\/ul>\n<p>Bon \u00e0 savoir :<\/p>\n<ul>\n<li>Pour prolonger la dur\u00e9e de vie de votre mobilier de jardin, nous vous recommandons de le recouvrir d'une housse r\u00e9sistante \u00e0 l'eau.<\/li>\n<\/ul>\n<ul>\n<li>Mat\u00e9riau : sapin Douglas massif (non trait\u00e9)<\/li>\n<li>Dimensions : 82,5 x 50 x 109,5 cm (L x L x H)<\/li>\n<li>Capacit\u00e9 de charge : 60 kg<\/li>\n<li>Montage n\u00e9cessaire : oui<\/li>\n<\/ul>","protected":false},"excerpt":{"rendered":"<ul>\n<li>Mat\u00e9riau : sapin Douglas massif (non trait\u00e9)<\/li>\n<li>Dimensions : 82,5 x 50 x 109,5 cm (L x L x H)<\/li>\n<li>Capacit\u00e9 de charge : 60 kg<\/li>\n<li>Montage n\u00e9cessaire : oui<\/li>\n<\/ul>","protected":false},"featured_media":2958,"comment_status":"open","ping_status":"closed","template":"","meta":[],"product_brand":[],"product_cat":[52],"product_tag":[985,1000,997,996,994,1002],"class_list":{"0":"post-2959","1":"product","2":"type-product","3":"status-publish","4":"has-post-thumbnail","6":"product_cat-plantenstandaarden","7":"product_tag-5cm","8":"product_tag-82-5x50","9":"product_tag-douglashout","10":"product_tag-massief","11":"product_tag-oppottafel","12":"product_tag-schappen","14":"first","15":"instock","16":"shipping-taxable","17":"purchasable","18":"product-type-simple"},"_links":{"self":[{"href":"https:\/\/planeto.be\/fr\/wp-json\/wp\/v2\/product\/2959","targetHints":{"allow":["GET"]}}],"collection":[{"href":"https:\/\/planeto.be\/fr\/wp-json\/wp\/v2\/product"}],"about":[{"href":"https:\/\/planeto.be\/fr\/wp-json\/wp\/v2\/types\/product"}],"replies":[{"embeddable":true,"href":"https:\/\/planeto.be\/fr\/wp-json\/wp\/v2\/comments?post=2959"}],"version-history":[{"count":1,"href":"https:\/\/planeto.be\/fr\/wp-json\/wp\/v2\/product\/2959\/revisions"}],"predecessor-version":[{"id":7834,"href":"https:\/\/planeto.be\/fr\/wp-json\/wp\/v2\/product\/2959\/revisions\/7834"}],"wp:featuredmedia":[{"embeddable":true,"href":"https:\/\/planeto.be\/fr\/wp-json\/wp\/v2\/media\/2958"}],"wp:attachment":[{"href":"https:\/\/planeto.be\/fr\/wp-json\/wp\/v2\/media?parent=2959"}],"wp:term":[{"taxonomy":"product_brand","embeddable":true,"href":"https:\/\/planeto.be\/fr\/wp-json\/wp\/v2\/product_brand?post=2959"},{"taxonomy":"product_cat","embeddable":true,"href":"https:\/\/planeto.be\/fr\/wp-json\/wp\/v2\/product_cat?post=2959"},{"taxonomy":"product_tag","embeddable":true,"href":"https:\/\/planeto.be\/fr\/wp-json\/wp\/v2\/product_tag?post=2959"}],"curies":[{"name":"wp","href":"https:\/\/api.w.org\/{rel}","templated":true}]}}