{"id":2861,"date":"2026-02-03T11:12:50","date_gmt":"2026-02-03T11:12:50","guid":{"rendered":"https:\/\/planeto.be\/product\/plantenrek-3-laags-52x28x128-cm-ijzer-zwart\/"},"modified":"2026-02-09T21:10:43","modified_gmt":"2026-02-09T21:10:43","slug":"plantenrek-3-laags-52x28x128-cm-ijzer-zwart","status":"publish","type":"product","link":"https:\/\/planeto.be\/fr\/produit\/plantenrek-3-laags-52x28x128-cm-ijzer-zwart\/","title":{"rendered":"Planeto Support \u00e0 plantes 3 couches 52x28x128 cm fer noir"},"content":{"rendered":"<p>Ce support \u00e0 plantes avec motif de feuilles ajoute un charme sans limite \u00e0 votre jardin, patio, balcon ou autre espace ext\u00e9rieur !<\/p>\n<\/p>\n<p>Ce support pour plantes est fabriqu\u00e9 en tubes de fer et recouvert d'\u00e9poxy noir r\u00e9sistant aux intemp\u00e9ries, ce qui le rend robuste et facile \u00e0 entretenir. Le support comporte 3 \u00e9tag\u00e8res et offre suffisamment d'espace pour placer vos plantes. Ce support est facile \u00e0 assembler.<\/p>\n<ul>\n<li>Couleur : noir<\/li>\n<li>Mat\u00e9riau : fer peint par poudrage<\/li>\n<li>Dimensions : 52 x 28 x 128 cm (L x P x H)<\/li>\n<li>Avec 3 \u00e9tag\u00e8res<\/li>\n<li>Avec motif de feuilles<\/li>\n<li>R\u00e9sistant aux intemp\u00e9ries<\/li>\n<li>Assemblage n\u00e9cessaire<\/li>\n<li><strong>AVERTISSEMENT :<\/strong> ce produit doit \u00eatre fix\u00e9 au mur \u00e0 l'aide des mat\u00e9riaux fournis afin d'\u00e9viter tout risque de basculement.<\/li>\n<\/ul>","protected":false},"excerpt":{"rendered":"<ul>\n<li>Couleur : noir<\/li>\n<li>Mat\u00e9riau : fer peint par poudrage<\/li>\n<li>Dimensions : 52 x 28 x 128 cm (L x P x H)<\/li>\n<li>Avec 3 \u00e9tag\u00e8res<\/li>\n<li>Avec motif de feuilles<\/li>\n<li>R\u00e9sistant aux intemp\u00e9ries<\/li>\n<li>Assemblage n\u00e9cessaire<\/li>\n<li><strong>AVERTISSEMENT :<\/strong> ce produit doit \u00eatre fix\u00e9 au mur \u00e0 l'aide des mat\u00e9riaux fournis afin d'\u00e9viter tout risque de basculement.<\/li>\n<\/ul>","protected":false},"featured_media":2860,"comment_status":"open","ping_status":"closed","template":"","meta":[],"product_brand":[],"product_cat":[52],"product_tag":[991,979,978,988,980],"class_list":{"0":"post-2861","1":"product","2":"type-product","3":"status-publish","4":"has-post-thumbnail","6":"product_cat-plantenstandaarden","7":"product_tag-52x28","8":"product_tag-ijzer","9":"product_tag-laags","10":"product_tag-plantenrek","11":"product_tag-zwart","13":"first","14":"outofstock","15":"shipping-taxable","16":"purchasable","17":"product-type-simple"},"_links":{"self":[{"href":"https:\/\/planeto.be\/fr\/wp-json\/wp\/v2\/product\/2861","targetHints":{"allow":["GET"]}}],"collection":[{"href":"https:\/\/planeto.be\/fr\/wp-json\/wp\/v2\/product"}],"about":[{"href":"https:\/\/planeto.be\/fr\/wp-json\/wp\/v2\/types\/product"}],"replies":[{"embeddable":true,"href":"https:\/\/planeto.be\/fr\/wp-json\/wp\/v2\/comments?post=2861"}],"version-history":[{"count":1,"href":"https:\/\/planeto.be\/fr\/wp-json\/wp\/v2\/product\/2861\/revisions"}],"predecessor-version":[{"id":7824,"href":"https:\/\/planeto.be\/fr\/wp-json\/wp\/v2\/product\/2861\/revisions\/7824"}],"wp:featuredmedia":[{"embeddable":true,"href":"https:\/\/planeto.be\/fr\/wp-json\/wp\/v2\/media\/2860"}],"wp:attachment":[{"href":"https:\/\/planeto.be\/fr\/wp-json\/wp\/v2\/media?parent=2861"}],"wp:term":[{"taxonomy":"product_brand","embeddable":true,"href":"https:\/\/planeto.be\/fr\/wp-json\/wp\/v2\/product_brand?post=2861"},{"taxonomy":"product_cat","embeddable":true,"href":"https:\/\/planeto.be\/fr\/wp-json\/wp\/v2\/product_cat?post=2861"},{"taxonomy":"product_tag","embeddable":true,"href":"https:\/\/planeto.be\/fr\/wp-json\/wp\/v2\/product_tag?post=2861"}],"curies":[{"name":"wp","href":"https:\/\/api.w.org\/{rel}","templated":true}]}}