{"id":2855,"date":"2026-02-03T11:12:48","date_gmt":"2026-02-03T11:12:48","guid":{"rendered":"https:\/\/planeto.be\/product\/plantenrek-bamboe-met-3-plankjes\/"},"modified":"2026-02-09T21:10:43","modified_gmt":"2026-02-09T21:10:43","slug":"plantenrek-bamboe-met-3-plankjes","status":"publish","type":"product","link":"https:\/\/planeto.be\/fr\/produit\/plantenrek-bamboe-met-3-plankjes\/","title":{"rendered":"Planeto Support \u00e0 plantes en bambou avec 3 \u00e9tag\u00e8res"},"content":{"rendered":"<p>L'\u00e9tag\u00e8re en bambou a un design simple mais \u00e9l\u00e9gant. Vous pouvez y placer joliment des plantes et d'autres objets, ce qui en fait un v\u00e9ritable accroche-regard dans votre chambre, votre jardin ou votre patio.<\/p>\n<\/p>\n<p>Les trois \u00e9tag\u00e8res offrent un grand espace de rangement. L'\u00e9tag\u00e8re est fabriqu\u00e9e en bambou de haute qualit\u00e9, ce qui la rend tr\u00e8s durable.<\/p>\n<ul>\n<li>Mat\u00e9riau : bambou<\/li>\n<li>Dimensions : 56 x 30 x 85 cm (L x P x H)<\/li>\n<li>3 \u00e9tag\u00e8res<\/li>\n<\/ul>","protected":false},"excerpt":{"rendered":"<ul>\n<li>Mat\u00e9riau : bambou<\/li>\n<li>Dimensions : 56 x 30 x 85 cm (L x P x H)<\/li>\n<li>3 \u00e9tag\u00e8res<\/li>\n<\/ul>","protected":false},"featured_media":2854,"comment_status":"open","ping_status":"closed","template":"","meta":[],"product_brand":[],"product_cat":[52],"product_tag":[123,990,988],"class_list":{"0":"post-2855","1":"product","2":"type-product","3":"status-publish","4":"has-post-thumbnail","6":"product_cat-plantenstandaarden","7":"product_tag-bamboe","8":"product_tag-plankjes","9":"product_tag-plantenrek","11":"first","12":"instock","13":"shipping-taxable","14":"purchasable","15":"product-type-simple"},"_links":{"self":[{"href":"https:\/\/planeto.be\/fr\/wp-json\/wp\/v2\/product\/2855","targetHints":{"allow":["GET"]}}],"collection":[{"href":"https:\/\/planeto.be\/fr\/wp-json\/wp\/v2\/product"}],"about":[{"href":"https:\/\/planeto.be\/fr\/wp-json\/wp\/v2\/types\/product"}],"replies":[{"embeddable":true,"href":"https:\/\/planeto.be\/fr\/wp-json\/wp\/v2\/comments?post=2855"}],"version-history":[{"count":1,"href":"https:\/\/planeto.be\/fr\/wp-json\/wp\/v2\/product\/2855\/revisions"}],"predecessor-version":[{"id":7823,"href":"https:\/\/planeto.be\/fr\/wp-json\/wp\/v2\/product\/2855\/revisions\/7823"}],"wp:featuredmedia":[{"embeddable":true,"href":"https:\/\/planeto.be\/fr\/wp-json\/wp\/v2\/media\/2854"}],"wp:attachment":[{"href":"https:\/\/planeto.be\/fr\/wp-json\/wp\/v2\/media?parent=2855"}],"wp:term":[{"taxonomy":"product_brand","embeddable":true,"href":"https:\/\/planeto.be\/fr\/wp-json\/wp\/v2\/product_brand?post=2855"},{"taxonomy":"product_cat","embeddable":true,"href":"https:\/\/planeto.be\/fr\/wp-json\/wp\/v2\/product_cat?post=2855"},{"taxonomy":"product_tag","embeddable":true,"href":"https:\/\/planeto.be\/fr\/wp-json\/wp\/v2\/product_tag?post=2855"}],"curies":[{"name":"wp","href":"https:\/\/api.w.org\/{rel}","templated":true}]}}