{"id":2850,"date":"2026-02-03T11:12:46","date_gmt":"2026-02-03T11:12:46","guid":{"rendered":"https:\/\/planeto.be\/product\/plantenrek-3-laags-inklapbaar-bamboe\/"},"modified":"2026-02-09T21:10:43","modified_gmt":"2026-02-09T21:10:43","slug":"plantenrek-3-laags-inklapbaar-bamboe","status":"publish","type":"product","link":"https:\/\/planeto.be\/fr\/produit\/plantenrek-3-laags-inklapbaar-bamboe\/","title":{"rendered":"Planeto Support \u00e0 plantes 3 \u00e9tages pliant en bambou"},"content":{"rendered":"<p>L'\u00e9tag\u00e8re en bambou a un design simple mais \u00e9l\u00e9gant \/\/ C'est un choix id\u00e9al pour pr\u00e9senter des plantes dans une pi\u00e8ce. L'\u00e9tag\u00e8re offre suffisamment d'espace pour tout placer proprement.\/\/<\/p>\n<\/p>\n<p>XXX Fabriqu\u00e9 en bambou de haute qualit\u00e9. Le support peut \u00eatre pli\u00e9 lorsqu'il n'est pas utilis\u00e9.<\/p>\n<ul>\n<li>Mat\u00e9riau : bambou<\/li>\n<li>Dimensions compl\u00e8tes : 56 x 50 x 145 cm (L x L x H)<\/li>\n<li>Dimensions repli\u00e9es : 56 x 150 cm (L x l)<\/li>\n<li>3 \u00e9tag\u00e8res<\/li>\n<\/ul>","protected":false},"excerpt":{"rendered":"<ul>\n<li>Mat\u00e9riau : bambou<\/li>\n<li>Dimensions compl\u00e8tes : 56 x 50 x 145 cm (L x L x H)<\/li>\n<li>Dimensions repli\u00e9es : 56 x 150 cm (L x l)<\/li>\n<li>3 \u00e9tag\u00e8res<\/li>\n<\/ul>","protected":false},"featured_media":2849,"comment_status":"open","ping_status":"closed","template":"","meta":[],"product_brand":[],"product_cat":[52],"product_tag":[123,989,978,988],"class_list":{"0":"post-2850","1":"product","2":"type-product","3":"status-publish","4":"has-post-thumbnail","6":"product_cat-plantenstandaarden","7":"product_tag-bamboe","8":"product_tag-inklapbaar","9":"product_tag-laags","10":"product_tag-plantenrek","12":"first","13":"instock","14":"shipping-taxable","15":"purchasable","16":"product-type-simple"},"_links":{"self":[{"href":"https:\/\/planeto.be\/fr\/wp-json\/wp\/v2\/product\/2850","targetHints":{"allow":["GET"]}}],"collection":[{"href":"https:\/\/planeto.be\/fr\/wp-json\/wp\/v2\/product"}],"about":[{"href":"https:\/\/planeto.be\/fr\/wp-json\/wp\/v2\/types\/product"}],"replies":[{"embeddable":true,"href":"https:\/\/planeto.be\/fr\/wp-json\/wp\/v2\/comments?post=2850"}],"version-history":[{"count":1,"href":"https:\/\/planeto.be\/fr\/wp-json\/wp\/v2\/product\/2850\/revisions"}],"predecessor-version":[{"id":7822,"href":"https:\/\/planeto.be\/fr\/wp-json\/wp\/v2\/product\/2850\/revisions\/7822"}],"wp:featuredmedia":[{"embeddable":true,"href":"https:\/\/planeto.be\/fr\/wp-json\/wp\/v2\/media\/2849"}],"wp:attachment":[{"href":"https:\/\/planeto.be\/fr\/wp-json\/wp\/v2\/media?parent=2850"}],"wp:term":[{"taxonomy":"product_brand","embeddable":true,"href":"https:\/\/planeto.be\/fr\/wp-json\/wp\/v2\/product_brand?post=2850"},{"taxonomy":"product_cat","embeddable":true,"href":"https:\/\/planeto.be\/fr\/wp-json\/wp\/v2\/product_cat?post=2850"},{"taxonomy":"product_tag","embeddable":true,"href":"https:\/\/planeto.be\/fr\/wp-json\/wp\/v2\/product_tag?post=2850"}],"curies":[{"name":"wp","href":"https:\/\/api.w.org\/{rel}","templated":true}]}}