{"id":2813,"date":"2026-02-03T11:12:31","date_gmt":"2026-02-03T11:12:31","guid":{"rendered":"https:\/\/planeto.be\/product\/bloemenstandaard-83x25x80-cm-ijzer-zwart\/"},"modified":"2026-02-09T21:10:40","modified_gmt":"2026-02-09T21:10:40","slug":"bloemenstandaard-83x25x80-cm-ijzer-zwart","status":"publish","type":"product","link":"https:\/\/planeto.be\/fr\/produit\/bloemenstandaard-83x25x80-cm-ijzer-zwart\/","title":{"rendered":"Planeto Porte-fleurs 83x25x80 cm fer noir"},"content":{"rendered":"<p>Ce support \u00e0 fleurs est une solution id\u00e9ale pour placer et pr\u00e9senter vos plantes et divers autres objets.<\/p>\n<\/p>\n<ul>\n<li>Mat\u00e9riau de haute qualit\u00e9 : ce support de plantes d'angle est fabriqu\u00e9 en fer, ce qui le rend durable, sans entretien et lui permet de durer des ann\u00e9es. <\/li>\n<li>Structure solide et robuste : le cadre en fer du support \u00e0 plantes offre robustesse et stabilit\u00e9.<\/li>\n<li>\u00c9tag\u00e8re pratique : l'\u00e9tag\u00e8re \u00e0 plantes offre beaucoup d'espace pour exposer vos belles plantes. Elle peut \u00e9galement servir de pr\u00e9sentoir, de support de rangement, etc.<\/li>\n<\/ul>\n<ul>\n<li>Couleur : noir <\/li>\n<li>Mat\u00e9riau : fer peint par poudrage<\/li>\n<li>Dimensions : 83 x 25 x 80 cm (L x P x H) <\/li>\n<li>Assemblage n\u00e9cessaire<\/li>\n<\/ul>","protected":false},"excerpt":{"rendered":"<ul>\n<li>Couleur : noir <\/li>\n<li>Mat\u00e9riau : fer peint par poudrage<\/li>\n<li>Dimensions : 83 x 25 x 80 cm (L x P x H) <\/li>\n<li>Assemblage n\u00e9cessaire<\/li>\n<\/ul>","protected":false},"featured_media":2812,"comment_status":"open","ping_status":"closed","template":"","meta":[],"product_brand":[],"product_cat":[52],"product_tag":[986,976,979,980],"class_list":{"0":"post-2813","1":"product","2":"type-product","3":"status-publish","4":"has-post-thumbnail","6":"product_cat-plantenstandaarden","7":"product_tag-83x25","8":"product_tag-bloemenstandaard","9":"product_tag-ijzer","10":"product_tag-zwart","12":"first","13":"instock","14":"shipping-taxable","15":"purchasable","16":"product-type-simple"},"_links":{"self":[{"href":"https:\/\/planeto.be\/fr\/wp-json\/wp\/v2\/product\/2813","targetHints":{"allow":["GET"]}}],"collection":[{"href":"https:\/\/planeto.be\/fr\/wp-json\/wp\/v2\/product"}],"about":[{"href":"https:\/\/planeto.be\/fr\/wp-json\/wp\/v2\/types\/product"}],"replies":[{"embeddable":true,"href":"https:\/\/planeto.be\/fr\/wp-json\/wp\/v2\/comments?post=2813"}],"version-history":[{"count":1,"href":"https:\/\/planeto.be\/fr\/wp-json\/wp\/v2\/product\/2813\/revisions"}],"predecessor-version":[{"id":7818,"href":"https:\/\/planeto.be\/fr\/wp-json\/wp\/v2\/product\/2813\/revisions\/7818"}],"wp:featuredmedia":[{"embeddable":true,"href":"https:\/\/planeto.be\/fr\/wp-json\/wp\/v2\/media\/2812"}],"wp:attachment":[{"href":"https:\/\/planeto.be\/fr\/wp-json\/wp\/v2\/media?parent=2813"}],"wp:term":[{"taxonomy":"product_brand","embeddable":true,"href":"https:\/\/planeto.be\/fr\/wp-json\/wp\/v2\/product_brand?post=2813"},{"taxonomy":"product_cat","embeddable":true,"href":"https:\/\/planeto.be\/fr\/wp-json\/wp\/v2\/product_cat?post=2813"},{"taxonomy":"product_tag","embeddable":true,"href":"https:\/\/planeto.be\/fr\/wp-json\/wp\/v2\/product_tag?post=2813"}],"curies":[{"name":"wp","href":"https:\/\/api.w.org\/{rel}","templated":true}]}}