{"id":2774,"date":"2026-02-03T11:12:13","date_gmt":"2026-02-03T11:12:13","guid":{"rendered":"https:\/\/planeto.be\/product\/bloemenstandaard-met-wielen-945x245x915-cm-ijzer-wit\/"},"modified":"2026-02-09T21:10:39","modified_gmt":"2026-02-09T21:10:39","slug":"bloemenstandaard-met-wielen-945x245x915-cm-ijzer-wit","status":"publish","type":"product","link":"https:\/\/planeto.be\/fr\/produit\/bloemenstandaard-met-wielen-945x245x915-cm-ijzer-wit\/","title":{"rendered":"Planeto Porte-fleurs \u00e0 roulettes 94,5\u00d724,5\u00d791,5 cm fer blanc"},"content":{"rendered":"<p>Ce support \u00e0 fleurs est une solution id\u00e9ale pour placer et pr\u00e9senter vos plantes et divers autres objets.<\/p>\n<\/p>\n<ul>\n<li>Mat\u00e9riau de haute qualit\u00e9 : ce support pour plantes est fabriqu\u00e9 en fer, ce qui le rend durable, sans entretien et lui permet de durer des ann\u00e9es. <\/li>\n<li>Structure solide et robuste : le cadre m\u00e9tallique du support \u00e0 plantes offre robustesse et stabilit\u00e9.<\/li>\n<li>\u00c9tag\u00e8re pratique : l'\u00e9tag\u00e8re \u00e0 plantes offre beaucoup d'espace pour exposer vos belles plantes. Elle peut \u00e9galement servir de pr\u00e9sentoir, de support de rangement, etc.<\/li>\n<li>Conception flexible : \u00e9quip\u00e9 de roues, il est facile \u00e0 d\u00e9placer.<\/li>\n<\/ul>\n<ul>\n<li>Couleur : blanc<\/li>\n<li>Mat\u00e9riau : fer peint par poudrage<\/li>\n<li>Dimensions : 94,5 x 24,5 x 91,5 cm (L x P x H) <\/li>\n<li>Assemblage n\u00e9cessaire<\/li>\n<\/ul>","protected":false},"excerpt":{"rendered":"<ul>\n<li>Couleur : blanc<\/li>\n<li>Mat\u00e9riau : fer peint par poudrage<\/li>\n<li>Dimensions : 94,5 x 24,5 x 91,5 cm (L x P x H) <\/li>\n<li>Assemblage n\u00e9cessaire<\/li>\n<\/ul>","protected":false},"featured_media":2773,"comment_status":"open","ping_status":"closed","template":"","meta":[],"product_brand":[],"product_cat":[52],"product_tag":[985,984,976,979,977,982],"class_list":{"0":"post-2774","1":"product","2":"type-product","3":"status-publish","4":"has-post-thumbnail","6":"product_cat-plantenstandaarden","7":"product_tag-5cm","8":"product_tag-94-5x24-5","9":"product_tag-bloemenstandaard","10":"product_tag-ijzer","11":"product_tag-wielen","12":"product_tag-wit","14":"first","15":"instock","16":"shipping-taxable","17":"purchasable","18":"product-type-simple"},"_links":{"self":[{"href":"https:\/\/planeto.be\/fr\/wp-json\/wp\/v2\/product\/2774","targetHints":{"allow":["GET"]}}],"collection":[{"href":"https:\/\/planeto.be\/fr\/wp-json\/wp\/v2\/product"}],"about":[{"href":"https:\/\/planeto.be\/fr\/wp-json\/wp\/v2\/types\/product"}],"replies":[{"embeddable":true,"href":"https:\/\/planeto.be\/fr\/wp-json\/wp\/v2\/comments?post=2774"}],"version-history":[{"count":1,"href":"https:\/\/planeto.be\/fr\/wp-json\/wp\/v2\/product\/2774\/revisions"}],"predecessor-version":[{"id":7813,"href":"https:\/\/planeto.be\/fr\/wp-json\/wp\/v2\/product\/2774\/revisions\/7813"}],"wp:featuredmedia":[{"embeddable":true,"href":"https:\/\/planeto.be\/fr\/wp-json\/wp\/v2\/media\/2773"}],"wp:attachment":[{"href":"https:\/\/planeto.be\/fr\/wp-json\/wp\/v2\/media?parent=2774"}],"wp:term":[{"taxonomy":"product_brand","embeddable":true,"href":"https:\/\/planeto.be\/fr\/wp-json\/wp\/v2\/product_brand?post=2774"},{"taxonomy":"product_cat","embeddable":true,"href":"https:\/\/planeto.be\/fr\/wp-json\/wp\/v2\/product_cat?post=2774"},{"taxonomy":"product_tag","embeddable":true,"href":"https:\/\/planeto.be\/fr\/wp-json\/wp\/v2\/product_tag?post=2774"}],"curies":[{"name":"wp","href":"https:\/\/api.w.org\/{rel}","templated":true}]}}