{"id":2719,"date":"2026-02-03T11:11:49","date_gmt":"2026-02-03T11:11:49","guid":{"rendered":"https:\/\/planeto.be\/product\/bloemenstandaard-met-wielen-5-laags-44x23x100-cm-ijzer-zwart\/"},"modified":"2026-02-09T21:10:38","modified_gmt":"2026-02-09T21:10:38","slug":"bloemenstandaard-met-wielen-5-laags-44x23x100-cm-ijzer-zwart","status":"publish","type":"product","link":"https:\/\/planeto.be\/fr\/produit\/bloemenstandaard-met-wielen-5-laags-44x23x100-cm-ijzer-zwart\/","title":{"rendered":"Planeto Porte-fleurs \u00e0 roulettes 5 couches 44x23x100 cm fer noir"},"content":{"rendered":"<p>Ce support \u00e0 fleurs est une solution id\u00e9ale pour placer et pr\u00e9senter vos plantes et divers autres objets.<\/p>\n<\/p>\n<ul>\n<li>Mat\u00e9riau de haute qualit\u00e9 : ce support de plantes d'angle est fabriqu\u00e9 en fer, ce qui le rend durable, sans entretien et lui permet de durer des ann\u00e9es. <\/li>\n<li>Structure solide et robuste : le cadre en fer du support \u00e0 plantes offre robustesse et stabilit\u00e9.<\/li>\n<li>\u00c9tag\u00e8re pratique : l'\u00e9tag\u00e8re verticale pour plantes s'int\u00e8gre facilement dans un petit coin. Elle peut \u00e9galement servir de pr\u00e9sentoir, d'\u00e9tag\u00e8re de rangement, etc.<\/li>\n<li>Conception flexible : \u00e9quip\u00e9 de roues, il est facile \u00e0 d\u00e9placer.<\/li>\n<\/ul>\n<ul>\n<li>Couleur : noir <\/li>\n<li>Mat\u00e9riau : fer peint par poudrage<\/li>\n<li>Dimensions : 44 x 23 x 100 cm (L x P x H) <\/li>\n<li>Assemblage n\u00e9cessaire<\/li>\n<\/ul>","protected":false},"excerpt":{"rendered":"<ul>\n<li>Couleur : noir <\/li>\n<li>Mat\u00e9riau : fer peint par poudrage<\/li>\n<li>Dimensions : 44 x 23 x 100 cm (L x P x H) <\/li>\n<li>Assemblage n\u00e9cessaire<\/li>\n<\/ul>","protected":false},"featured_media":2718,"comment_status":"open","ping_status":"closed","template":"","meta":[],"product_brand":[],"product_cat":[52],"product_tag":[981,976,979,978,977,980],"class_list":{"0":"post-2719","1":"product","2":"type-product","3":"status-publish","4":"has-post-thumbnail","6":"product_cat-plantenstandaarden","7":"product_tag-44x23","8":"product_tag-bloemenstandaard","9":"product_tag-ijzer","10":"product_tag-laags","11":"product_tag-wielen","12":"product_tag-zwart","14":"first","15":"instock","16":"shipping-taxable","17":"purchasable","18":"product-type-simple"},"_links":{"self":[{"href":"https:\/\/planeto.be\/fr\/wp-json\/wp\/v2\/product\/2719","targetHints":{"allow":["GET"]}}],"collection":[{"href":"https:\/\/planeto.be\/fr\/wp-json\/wp\/v2\/product"}],"about":[{"href":"https:\/\/planeto.be\/fr\/wp-json\/wp\/v2\/types\/product"}],"replies":[{"embeddable":true,"href":"https:\/\/planeto.be\/fr\/wp-json\/wp\/v2\/comments?post=2719"}],"version-history":[{"count":1,"href":"https:\/\/planeto.be\/fr\/wp-json\/wp\/v2\/product\/2719\/revisions"}],"predecessor-version":[{"id":7808,"href":"https:\/\/planeto.be\/fr\/wp-json\/wp\/v2\/product\/2719\/revisions\/7808"}],"wp:featuredmedia":[{"embeddable":true,"href":"https:\/\/planeto.be\/fr\/wp-json\/wp\/v2\/media\/2718"}],"wp:attachment":[{"href":"https:\/\/planeto.be\/fr\/wp-json\/wp\/v2\/media?parent=2719"}],"wp:term":[{"taxonomy":"product_brand","embeddable":true,"href":"https:\/\/planeto.be\/fr\/wp-json\/wp\/v2\/product_brand?post=2719"},{"taxonomy":"product_cat","embeddable":true,"href":"https:\/\/planeto.be\/fr\/wp-json\/wp\/v2\/product_cat?post=2719"},{"taxonomy":"product_tag","embeddable":true,"href":"https:\/\/planeto.be\/fr\/wp-json\/wp\/v2\/product_tag?post=2719"}],"curies":[{"name":"wp","href":"https:\/\/api.w.org\/{rel}","templated":true}]}}