{"id":2500,"date":"2026-02-03T10:47:37","date_gmt":"2026-02-03T10:47:37","guid":{"rendered":"https:\/\/planeto.be\/product\/rolgordijn-met-gordijnen-bruin-60-x-220-cm-bamboe-2\/"},"modified":"2026-02-10T07:52:37","modified_gmt":"2026-02-10T07:52:37","slug":"rolgordijn-met-gordijnen-bruin-60-x-220-cm-bamboe-2","status":"publish","type":"product","link":"https:\/\/planeto.be\/fr\/produit\/rolgordijn-met-gordijnen-bruin-60-x-220-cm-bamboe-2\/","title":{"rendered":"Planeto Store \u00e0 rouleau avec rideaux Marron 60 x 220 cm Bambou"},"content":{"rendered":"<p>Ce store est un ajout \u00e9l\u00e9gant \u00e0 toute maison ! Il a un style moderne et est tr\u00e8s pratique. Son design simple est id\u00e9al pour donner \u00e0 votre salon ou \u00e0 votre chambre un aspect sophistiqu\u00e9. Ses lignes \u00e9pur\u00e9es et son aspect minimaliste conviennent parfaitement aux int\u00e9rieurs contemporains. Non seulement ce rideau donne un aspect chic, mais il met \u00e9galement en valeur vos espaces de vie et cr\u00e9e une atmosph\u00e8re plus chaleureuse.<\/p>\n<ul>\n<li><b>Structure durable en bambou<\/b> Ce store est fabriqu\u00e9 en bambou, ce qui le rend solide et durable. Le bambou donne un aspect naturel et est \u00e9galement \u00e9l\u00e9gant, parfait pour ceux qui se soucient de l'environnement. Il r\u00e9siste bien \u00e0 un usage quotidien.<\/li>\n<li><b>Syst\u00e8me filaire convivial<\/b> Le syst\u00e8me gekord vous permet de contr\u00f4ler exactement la quantit\u00e9 de lumi\u00e8re que vous souhaitez. Vous cr\u00e9ez ainsi l'atmosph\u00e8re parfaite dans votre pi\u00e8ce, que vous souhaitiez plus ou moins de lumi\u00e8re.<\/li>\n<li><b>Filtrage fin de la lumi\u00e8re<\/b> Le store \u00e0 enroulement assure une bonne diffusion de la lumi\u00e8re, ce qui conf\u00e8re \u00e0 votre pi\u00e8ce une atmosph\u00e8re chaleureuse. La lumi\u00e8re du soleil se transforme en un \u00e9clairage doux qui prot\u00e8ge vos meubles.<\/li>\n<li><b>Protection UV<\/b> La protection UV du store permet de prot\u00e9ger vos meubles et vos sols des rayons nocifs, pour qu'ils restent beaux plus longtemps.<\/li>\n<li><b>R\u00e9glage manuel<\/b> Ce rideau peut \u00eatre ajust\u00e9 manuellement, ce qui vous permet de le r\u00e9gler exactement comme vous le souhaitez. Pas de m\u00e9canismes compliqu\u00e9s, mais un syst\u00e8me simple et convivial.<\/li>\n<\/ul>\n<ul>\n<li>Couleur : marron<\/li>\n<li>Mat\u00e9riau : Bambou<\/li>\n<li>Dimensions totales : 60 x 1,2 x 220 cm (L x L x H)<\/li>\n<li>Poids : 1,25 kg<\/li>\n<li>Durable<\/li>\n<li>Utilisation \u00e0 l'int\u00e9rieur uniquement<\/li>\n<li>\u00c9pisode :<\/li>\n<li>1 x store \u00e0 enroulement<\/li>\n<li>Montage n\u00e9cessaire : Oui<\/li>\n<\/ul>","protected":false},"excerpt":{"rendered":"<ul>\n<li>Couleur : marron<\/li>\n<li>Mat\u00e9riau : Bambou<\/li>\n<li>Dimensions totales : 60 x 1,2 x 220 cm (L x L x H)<\/li>\n<li>Poids : 1,25 kg<\/li>\n<li>Durable<\/li>\n<li>Utilisation \u00e0 l'int\u00e9rieur uniquement<\/li>\n<li>\u00c9pisode :<\/li>\n<li>1 x store \u00e0 enroulement<\/li>\n<li>Montage n\u00e9cessaire : Oui<\/li>\n<\/ul>","protected":false},"featured_media":2499,"comment_status":"open","ping_status":"closed","template":"","meta":[],"product_brand":[],"product_cat":[51,1352],"product_tag":[966,123,958,964,949],"class_list":{"0":"post-2500","1":"product","2":"type-product","3":"status-publish","4":"has-post-thumbnail","6":"product_cat-jaloezieen-rolgordijnen","7":"product_cat-raamdecoratie","8":"product_tag-60x220","9":"product_tag-bamboe","10":"product_tag-bruin","11":"product_tag-gordijnen","12":"product_tag-rolgordijn","14":"first","15":"instock","16":"shipping-taxable","17":"purchasable","18":"product-type-simple"},"_links":{"self":[{"href":"https:\/\/planeto.be\/fr\/wp-json\/wp\/v2\/product\/2500","targetHints":{"allow":["GET"]}}],"collection":[{"href":"https:\/\/planeto.be\/fr\/wp-json\/wp\/v2\/product"}],"about":[{"href":"https:\/\/planeto.be\/fr\/wp-json\/wp\/v2\/types\/product"}],"replies":[{"embeddable":true,"href":"https:\/\/planeto.be\/fr\/wp-json\/wp\/v2\/comments?post=2500"}],"version-history":[{"count":1,"href":"https:\/\/planeto.be\/fr\/wp-json\/wp\/v2\/product\/2500\/revisions"}],"predecessor-version":[{"id":7792,"href":"https:\/\/planeto.be\/fr\/wp-json\/wp\/v2\/product\/2500\/revisions\/7792"}],"wp:featuredmedia":[{"embeddable":true,"href":"https:\/\/planeto.be\/fr\/wp-json\/wp\/v2\/media\/2499"}],"wp:attachment":[{"href":"https:\/\/planeto.be\/fr\/wp-json\/wp\/v2\/media?parent=2500"}],"wp:term":[{"taxonomy":"product_brand","embeddable":true,"href":"https:\/\/planeto.be\/fr\/wp-json\/wp\/v2\/product_brand?post=2500"},{"taxonomy":"product_cat","embeddable":true,"href":"https:\/\/planeto.be\/fr\/wp-json\/wp\/v2\/product_cat?post=2500"},{"taxonomy":"product_tag","embeddable":true,"href":"https:\/\/planeto.be\/fr\/wp-json\/wp\/v2\/product_tag?post=2500"}],"curies":[{"name":"wp","href":"https:\/\/api.w.org\/{rel}","templated":true}]}}