{"id":2472,"date":"2026-02-03T10:47:23","date_gmt":"2026-02-03T10:47:23","guid":{"rendered":"https:\/\/planeto.be\/product\/rolgordijn-met-gordijnen-natuur-150-x-220-cm-bamboe-2\/"},"modified":"2026-02-10T07:52:37","modified_gmt":"2026-02-10T07:52:37","slug":"rolgordijn-met-gordijnen-natuur-150-x-220-cm-bamboe-2","status":"publish","type":"product","link":"https:\/\/planeto.be\/fr\/produit\/rolgordijn-met-gordijnen-natuur-150-x-220-cm-bamboe-2\/","title":{"rendered":"Planeto Store \u00e0 rouleau avec rideaux Nature 150 x 220 cm Bambou"},"content":{"rendered":"<p>Le rideau \u00e0 rouleau \u00e0 tirage lat\u00e9ral est un excellent compl\u00e9ment \u00e0 votre int\u00e9rieur moderne. Il offre un m\u00e9lange de fonctionnalit\u00e9 et de style avec sa forme rectangulaire \u00e9l\u00e9gante. Fabriqu\u00e9 \u00e0 partir de mat\u00e9riaux de haute qualit\u00e9 dans une teinte brune intemporelle, il s'int\u00e8gre parfaitement dans n'importe quelle pi\u00e8ce, qu'il s'agisse d'une cuisine, d'un salon ou d'un bureau. La possibilit\u00e9 de l'utiliser manuellement gr\u00e2ce au syst\u00e8me de cordon le rend encore plus pratique. Parfait pour ceux qui recherchent un design minimaliste sans faire de compromis sur les solutions pratiques.<\/p>\n<ul>\n<li><b>Mat\u00e9riau en bambou respectueux de l'environnement :<\/b> Fabriqu\u00e9s en bambou de qualit\u00e9 sup\u00e9rieure, ces stores contribuent \u00e0 un environnement int\u00e9rieur plus sain. Le bambou ajoute une touche naturelle \u00e0 votre d\u00e9cor et s'adapte parfaitement \u00e0 diff\u00e9rents styles modernes. De plus, il est r\u00e9sistant et durable.<\/li>\n<li><b>Syst\u00e8me filaire pratique :<\/b> Le store fonctionne en douceur gr\u00e2ce \u00e0 un syst\u00e8me de cordon simple. Vous pouvez le relever ou l'abaisser rapidement, ce qui permet d'ajuster facilement la lumi\u00e8re dans votre pi\u00e8ce. Cette conception vous donne la possibilit\u00e9 de contr\u00f4ler la lumi\u00e8re comme vous le souhaitez pour une atmosph\u00e8re id\u00e9ale.<\/li>\n<li><b>Protection UV renforc\u00e9e :<\/b> Ces rideaux offrent une protection contre les rayons UV nocifs, prot\u00e9geant vos meubles et emp\u00eachant la d\u00e9coloration. Vous b\u00e9n\u00e9ficiez ainsi d'un cadre de vie plus agr\u00e9able sans avoir \u00e0 vous soucier de la lumi\u00e8re directe du soleil.<\/li>\n<li><b>Avantages du montage \u00e0 l'int\u00e9rieur :<\/b> Con\u00e7u sp\u00e9cifiquement pour un montage \u00e0 l'int\u00e9rieur, il offre un ajustement parfait qui rehausse l'aspect de votre fen\u00eatre. Il permet de bloquer correctement la lumi\u00e8re et de cr\u00e9er une apparence \u00e9l\u00e9gante.<\/li>\n<li><b>Entretien facile :<\/b> Vous pouvez les entretenir facilement en les essuyant avec un chiffon humide. \u00c9vitez les produits de nettoyage agressifs pour prolonger la dur\u00e9e de vie du mat\u00e9riau et lui conserver la m\u00eame fra\u00eecheur que le jour de l'installation.<\/li>\n<\/ul>\n<ul>\n<li>Couleur : Nature<\/li>\n<li>Mat\u00e9riau : Bambou<\/li>\n<li>Dimensions totales : 150 x 220 cm (L x H)<\/li>\n<li>Poids : 2,64 kg<\/li>\n<li>Enroulement<\/li>\n<li>Peu d'entretien<\/li>\n<li>Cordon de serrage pour une ouverture et une fermeture faciles<\/li>\n<li>Des dispositifs de rupture emp\u00eachent l'enchev\u00eatrement accidentel<\/li>\n<li>Flexible et facile \u00e0 assembler<\/li>\n<li>Utilisation \u00e0 l'int\u00e9rieur uniquement<\/li>\n<li>\u00c9pisode :<\/li>\n<li>1 x store \u00e0 enroulement<\/li>\n<li>Montage n\u00e9cessaire : Oui<\/li>\n<\/ul>","protected":false},"excerpt":{"rendered":"<ul>\n<li>Couleur : Nature<\/li>\n<li>Mat\u00e9riau : Bambou<\/li>\n<li>Dimensions totales : 150 x 220 cm (L x H)<\/li>\n<li>Poids : 2,64 kg<\/li>\n<li>Enroulement<\/li>\n<li>Peu d'entretien<\/li>\n<li>Cordon de serrage pour une ouverture et une fermeture faciles<\/li>\n<li>Des dispositifs de rupture emp\u00eachent l'enchev\u00eatrement accidentel<\/li>\n<li>Flexible et facile \u00e0 assembler<\/li>\n<li>Utilisation \u00e0 l'int\u00e9rieur uniquement<\/li>\n<li>\u00c9pisode :<\/li>\n<li>1 x store \u00e0 enroulement<\/li>\n<li>Montage n\u00e9cessaire : Oui<\/li>\n<\/ul>","protected":false},"featured_media":2471,"comment_status":"open","ping_status":"closed","template":"","meta":[],"product_brand":[],"product_cat":[51,1352],"product_tag":[957,123,964,973,949],"class_list":{"0":"post-2472","1":"product","2":"type-product","3":"status-publish","4":"has-post-thumbnail","6":"product_cat-jaloezieen-rolgordijnen","7":"product_cat-raamdecoratie","8":"product_tag-150x220","9":"product_tag-bamboe","10":"product_tag-gordijnen","11":"product_tag-natuur","12":"product_tag-rolgordijn","14":"first","15":"instock","16":"shipping-taxable","17":"purchasable","18":"product-type-simple"},"_links":{"self":[{"href":"https:\/\/planeto.be\/fr\/wp-json\/wp\/v2\/product\/2472","targetHints":{"allow":["GET"]}}],"collection":[{"href":"https:\/\/planeto.be\/fr\/wp-json\/wp\/v2\/product"}],"about":[{"href":"https:\/\/planeto.be\/fr\/wp-json\/wp\/v2\/types\/product"}],"replies":[{"embeddable":true,"href":"https:\/\/planeto.be\/fr\/wp-json\/wp\/v2\/comments?post=2472"}],"version-history":[{"count":1,"href":"https:\/\/planeto.be\/fr\/wp-json\/wp\/v2\/product\/2472\/revisions"}],"predecessor-version":[{"id":7790,"href":"https:\/\/planeto.be\/fr\/wp-json\/wp\/v2\/product\/2472\/revisions\/7790"}],"wp:featuredmedia":[{"embeddable":true,"href":"https:\/\/planeto.be\/fr\/wp-json\/wp\/v2\/media\/2471"}],"wp:attachment":[{"href":"https:\/\/planeto.be\/fr\/wp-json\/wp\/v2\/media?parent=2472"}],"wp:term":[{"taxonomy":"product_brand","embeddable":true,"href":"https:\/\/planeto.be\/fr\/wp-json\/wp\/v2\/product_brand?post=2472"},{"taxonomy":"product_cat","embeddable":true,"href":"https:\/\/planeto.be\/fr\/wp-json\/wp\/v2\/product_cat?post=2472"},{"taxonomy":"product_tag","embeddable":true,"href":"https:\/\/planeto.be\/fr\/wp-json\/wp\/v2\/product_tag?post=2472"}],"curies":[{"name":"wp","href":"https:\/\/api.w.org\/{rel}","templated":true}]}}