{"id":2024,"date":"2026-02-03T10:43:46","date_gmt":"2026-02-03T10:43:46","guid":{"rendered":"https:\/\/planeto.be\/product\/rolgordijn-met-gordijnen-geel-150-x-220-cm-bamboe\/"},"modified":"2026-02-10T07:52:38","modified_gmt":"2026-02-10T07:52:38","slug":"rolgordijn-met-gordijnen-geel-150-x-220-cm-bamboe","status":"publish","type":"product","link":"https:\/\/planeto.be\/fr\/produit\/rolgordijn-met-gordijnen-geel-150-x-220-cm-bamboe\/","title":{"rendered":"Planeto Store \u00e0 rouleau avec rideaux Jaune 150 x 220 cm Bambou"},"content":{"rendered":"<p>Ce store \u00e0 enroulement lat\u00e9ral est l'incarnation de la simplicit\u00e9 moderne, avec des lignes \u00e9pur\u00e9es et un design rectangulaire qui s'adapte \u00e0 toutes les maisons. La construction fine en bambou offre des solutions \u00e0 la fois pratiques et \u00e9l\u00e9gantes pour le contr\u00f4le de la lumi\u00e8re et l'intimit\u00e9. Ce store cr\u00e9e une atmosph\u00e8re a\u00e9r\u00e9e et prot\u00e8ge vos espaces int\u00e9rieurs, ce qui est parfait pour le printemps et l'\u00e9t\u00e9.<\/p>\n<ul>\n<li><b>Construction en bambou :<\/b> Ce store est fabriqu\u00e9 en bambou, qui est non seulement \u00e9cologique mais offre \u00e9galement un aspect naturel et robuste. Le bambou est r\u00e9sistant et durable, id\u00e9al pour une vari\u00e9t\u00e9 de styles d'int\u00e9rieur.<\/li>\n<li><b>Protection UV :<\/b> Gr\u00e2ce \u00e0 des mat\u00e9riaux sp\u00e9ciaux, ce store r\u00e9duit les rayons UV nocifs, prot\u00e9geant vos meubles et vos sols de la d\u00e9coloration et pr\u00e9servant ainsi leur couleur et leur \u00e9tat.<\/li>\n<li><b>Fonction de filtrage de la lumi\u00e8re :<\/b> Le store laisse entrer la lumi\u00e8re naturelle en douceur et r\u00e9duit l'\u00e9blouissement. Cela cr\u00e9e un environnement int\u00e9rieur agr\u00e9able et calme, parfait pour travailler ou se d\u00e9tendre.<\/li>\n<li><b>Syst\u00e8me filaire :<\/b> Le syst\u00e8me \u00e0 cordon vous permet de lever ou d'abaisser le rideau sans effort. Le m\u00e9canisme fonctionne en douceur et vous pouvez facilement l'ajuster \u00e0 vos pr\u00e9f\u00e9rences. Le dispositif de rupture inclus augmente la s\u00e9curit\u00e9 en minimisant le risque d'enchev\u00eatrement.<\/li>\n<li><b>Faibles exigences en mati\u00e8re d'entretien :<\/b> Ce store n\u00e9cessite peu d'entretien. Un chiffon humide suffit \u00e0 le nettoyer en un rien de temps. N'utilisez pas de produits chimiques agressifs pour pr\u00e9server sa qualit\u00e9. Le rideau conservera ainsi son aspect et son fonctionnement, ce qui vous permettra d'en profiter longtemps.<\/li>\n<\/ul>\n<ul>\n<li>Couleur : jaune<\/li>\n<li>Mat\u00e9riau : Bambou<\/li>\n<li>Dimensions totales : 150 x 220 cm (L x H)<\/li>\n<li>Poids : 2,64 kg<\/li>\n<li>Enroulement<\/li>\n<li>Peu d'entretien<\/li>\n<li>Cordon de serrage pour une ouverture et une fermeture faciles<\/li>\n<li>Des dispositifs de rupture emp\u00eachent l'enchev\u00eatrement accidentel<\/li>\n<li>Flexible et facile \u00e0 assembler<\/li>\n<li>Utilisation \u00e0 l'int\u00e9rieur uniquement<\/li>\n<li>\u00c9pisode :<\/li>\n<li>1 x store \u00e0 enroulement<\/li>\n<li>Montage n\u00e9cessaire : Oui<\/li>\n<\/ul>","protected":false},"excerpt":{"rendered":"<ul>\n<li>Couleur : jaune<\/li>\n<li>Mat\u00e9riau : Bambou<\/li>\n<li>Dimensions totales : 150 x 220 cm (L x H)<\/li>\n<li>Poids : 2,64 kg<\/li>\n<li>Enroulement<\/li>\n<li>Peu d'entretien<\/li>\n<li>Cordon de serrage pour une ouverture et une fermeture faciles<\/li>\n<li>Des dispositifs de rupture emp\u00eachent l'enchev\u00eatrement accidentel<\/li>\n<li>Flexible et facile \u00e0 assembler<\/li>\n<li>Utilisation \u00e0 l'int\u00e9rieur uniquement<\/li>\n<li>\u00c9pisode :<\/li>\n<li>1 x store \u00e0 enroulement<\/li>\n<li>Montage n\u00e9cessaire : Oui<\/li>\n<\/ul>","protected":false},"featured_media":2023,"comment_status":"open","ping_status":"closed","template":"","meta":[],"product_brand":[],"product_cat":[51,1352],"product_tag":[957,123,972,964,949],"class_list":{"0":"post-2024","1":"product","2":"type-product","3":"status-publish","4":"has-post-thumbnail","6":"product_cat-jaloezieen-rolgordijnen","7":"product_cat-raamdecoratie","8":"product_tag-150x220","9":"product_tag-bamboe","10":"product_tag-geel","11":"product_tag-gordijnen","12":"product_tag-rolgordijn","14":"first","15":"instock","16":"shipping-taxable","17":"purchasable","18":"product-type-simple"},"_links":{"self":[{"href":"https:\/\/planeto.be\/fr\/wp-json\/wp\/v2\/product\/2024","targetHints":{"allow":["GET"]}}],"collection":[{"href":"https:\/\/planeto.be\/fr\/wp-json\/wp\/v2\/product"}],"about":[{"href":"https:\/\/planeto.be\/fr\/wp-json\/wp\/v2\/types\/product"}],"replies":[{"embeddable":true,"href":"https:\/\/planeto.be\/fr\/wp-json\/wp\/v2\/comments?post=2024"}],"version-history":[{"count":1,"href":"https:\/\/planeto.be\/fr\/wp-json\/wp\/v2\/product\/2024\/revisions"}],"predecessor-version":[{"id":7758,"href":"https:\/\/planeto.be\/fr\/wp-json\/wp\/v2\/product\/2024\/revisions\/7758"}],"wp:featuredmedia":[{"embeddable":true,"href":"https:\/\/planeto.be\/fr\/wp-json\/wp\/v2\/media\/2023"}],"wp:attachment":[{"href":"https:\/\/planeto.be\/fr\/wp-json\/wp\/v2\/media?parent=2024"}],"wp:term":[{"taxonomy":"product_brand","embeddable":true,"href":"https:\/\/planeto.be\/fr\/wp-json\/wp\/v2\/product_brand?post=2024"},{"taxonomy":"product_cat","embeddable":true,"href":"https:\/\/planeto.be\/fr\/wp-json\/wp\/v2\/product_cat?post=2024"},{"taxonomy":"product_tag","embeddable":true,"href":"https:\/\/planeto.be\/fr\/wp-json\/wp\/v2\/product_tag?post=2024"}],"curies":[{"name":"wp","href":"https:\/\/api.w.org\/{rel}","templated":true}]}}