{"id":1532,"date":"2026-02-03T10:39:59","date_gmt":"2026-02-03T10:39:59","guid":{"rendered":"https:\/\/planeto.be\/product\/rolgordijn-100x220-cm-bamboe-naturel\/"},"modified":"2026-02-10T07:52:39","modified_gmt":"2026-02-10T07:52:39","slug":"rolgordijn-100x220-cm-bamboe-naturel","status":"publish","type":"product","link":"https:\/\/planeto.be\/fr\/produit\/rolgordijn-100x220-cm-bamboe-naturel\/","title":{"rendered":"Planeto Store enrouleur 100\u00d7220 cm bambou naturel"},"content":{"rendered":"<p>Ce store en bambou est con\u00e7u pour pr\u00e9server l'intimit\u00e9 tout en laissant passer la lumi\u00e8re. Il convient donc parfaitement \u00e0 une utilisation en tant que rideau \u00e0 mailles.<\/p>\n<\/p>\n<p>La couleur neutre du store se marie bien avec diff\u00e9rents types d'ameublement. Les lamelles de bambou sont maintenues par des cordes tress\u00e9es et filtrent admirablement la lumi\u00e8re. Gr\u00e2ce \u00e0 ces stores, vous pouvez contr\u00f4ler la quantit\u00e9 de lumi\u00e8re dans la pi\u00e8ce. Le rideau est fabriqu\u00e9 \u00e0 partir de bambou de haute qualit\u00e9 et d'autres mat\u00e9riaux. Les stores \u00e0 enroulement en bambou sont faciles \u00e0 nettoyer avec un plumeau et sont simples \u00e0 installer et \u00e0 utiliser.<\/p>\n<\/p>\n<p>V\u00e9rifiez les dimensions avant d'acheter. AVERTISSEMENT : les jeunes enfants peuvent \u00eatre \u00e9touff\u00e9s par les boucles des cordons qui font fonctionner le produit. Pour \u00e9viter les risques d'\u00e9touffement et de strangulation, gardez tous les cordons hors de port\u00e9e des jeunes enfants. Les cordons peuvent se retrouver autour du cou d'un enfant. Ne placez pas de lits, de berceaux ou d'autres meubles \u00e0 proximit\u00e9 des cordons. N'attachez pas les cordons ensemble, ne les laissez pas s'emm\u00ealer et\/ou former un n\u0153ud.<\/p>\n<ul>\n<li>Couleur : naturel<\/li>\n<li>Mat\u00e9riau : bambou<\/li>\n<li>Dimensions : 100 x 220 cm (L x H)<\/li>\n<li>Entretien et maintenance : nettoyer avec un chiffon ou un plumeau.<\/li>\n<li>Facile \u00e0 fixer<\/li>\n<li>La livraison comprend 1 store<\/li>\n<\/ul>\n<p> AVERTISSEMENT ! Les jeunes enfants peuvent \u00eatre \u00e9trangl\u00e9s par les boucles des cordons de traction, des cha\u00eenes, des sangles et du cordon int\u00e9rieur qui contr\u00f4le ce produit. Gardez les cordons hors de port\u00e9e des jeunes enfants pour \u00e9viter qu'ils ne s'\u00e9tranglent ou ne s'emm\u00ealent. Les cordons peuvent s'enrouler autour du cou d'un enfant. Placez les lits, les berceaux et les meubles \u00e0 l'\u00e9cart des cordons de fen\u00eatre. N'attachez pas les cordons ensemble. Assurez-vous que les cordons ne peuvent pas s'entortiller et former une boucle. ATTENTION ! Les enfants peuvent \u00eatre \u00e9trangl\u00e9s si ce dispositif de s\u00e9curit\u00e9 n'est pas install\u00e9. Utilisez toujours ce dispositif pour maintenir les cordons et les cha\u00eenes hors de port\u00e9e des enfants. <a title=\"https:\/\/vdxl.im\/8718475591221_doc_en_1.pdf?t=1734316062\" href=\"https:\/\/vdxl.im\/8718475591221_doc_en_1.pdf?t=1734316062\" target=\"_blank\">GPSR<\/a><\/p>","protected":false},"excerpt":{"rendered":"<ul>\n<li>Couleur : naturel<\/li>\n<li>Mat\u00e9riau : bambou<\/li>\n<li>Dimensions : 100 x 220 cm (L x H)<\/li>\n<li>Entretien et maintenance : nettoyer avec un chiffon ou un plumeau.<\/li>\n<li>Facile \u00e0 fixer<\/li>\n<li>La livraison comprend 1 store<\/li>\n<\/ul>","protected":false},"featured_media":1531,"comment_status":"open","ping_status":"closed","template":"","meta":[],"product_brand":[],"product_cat":[51,1352],"product_tag":[961,123,953,949],"class_list":{"0":"post-1532","1":"product","2":"type-product","3":"status-publish","4":"has-post-thumbnail","6":"product_cat-jaloezieen-rolgordijnen","7":"product_cat-raamdecoratie","8":"product_tag-100x220","9":"product_tag-bamboe","10":"product_tag-naturel","11":"product_tag-rolgordijn","13":"first","14":"instock","15":"shipping-taxable","16":"purchasable","17":"product-type-simple"},"_links":{"self":[{"href":"https:\/\/planeto.be\/fr\/wp-json\/wp\/v2\/product\/1532","targetHints":{"allow":["GET"]}}],"collection":[{"href":"https:\/\/planeto.be\/fr\/wp-json\/wp\/v2\/product"}],"about":[{"href":"https:\/\/planeto.be\/fr\/wp-json\/wp\/v2\/types\/product"}],"replies":[{"embeddable":true,"href":"https:\/\/planeto.be\/fr\/wp-json\/wp\/v2\/comments?post=1532"}],"version-history":[{"count":1,"href":"https:\/\/planeto.be\/fr\/wp-json\/wp\/v2\/product\/1532\/revisions"}],"predecessor-version":[{"id":7719,"href":"https:\/\/planeto.be\/fr\/wp-json\/wp\/v2\/product\/1532\/revisions\/7719"}],"wp:featuredmedia":[{"embeddable":true,"href":"https:\/\/planeto.be\/fr\/wp-json\/wp\/v2\/media\/1531"}],"wp:attachment":[{"href":"https:\/\/planeto.be\/fr\/wp-json\/wp\/v2\/media?parent=1532"}],"wp:term":[{"taxonomy":"product_brand","embeddable":true,"href":"https:\/\/planeto.be\/fr\/wp-json\/wp\/v2\/product_brand?post=1532"},{"taxonomy":"product_cat","embeddable":true,"href":"https:\/\/planeto.be\/fr\/wp-json\/wp\/v2\/product_cat?post=1532"},{"taxonomy":"product_tag","embeddable":true,"href":"https:\/\/planeto.be\/fr\/wp-json\/wp\/v2\/product_tag?post=1532"}],"curies":[{"name":"wp","href":"https:\/\/api.w.org\/{rel}","templated":true}]}}