{"id":1478,"date":"2026-02-03T10:39:36","date_gmt":"2026-02-03T10:39:36","guid":{"rendered":"https:\/\/planeto.be\/product\/rolgordijn-140x160-cm-bamboe-bruin\/"},"modified":"2026-02-10T07:52:39","modified_gmt":"2026-02-10T07:52:39","slug":"rolgordijn-140x160-cm-bamboe-bruin","status":"publish","type":"product","link":"https:\/\/planeto.be\/fr\/produit\/rolgordijn-140x160-cm-bamboe-bruin\/","title":{"rendered":"Planeto Store enrouleur 140\u00d7160 cm bambou brun"},"content":{"rendered":"<p>Ce store en bambou est con\u00e7u pour pr\u00e9server l'intimit\u00e9 tout en laissant passer la lumi\u00e8re. Il convient donc parfaitement \u00e0 une utilisation en tant que rideau \u00e0 mailles.<\/p>\n<\/p>\n<p>Les couleurs neutres des stores se marient bien avec diff\u00e9rents types d'ameublement.  Les lamelles de bambou sont maintenues par des cordes tress\u00e9es et filtrent magnifiquement la lumi\u00e8re.  Gr\u00e2ce \u00e0 ces stores, vous pouvez contr\u00f4ler la quantit\u00e9 de lumi\u00e8re dans la pi\u00e8ce. Ils sont fabriqu\u00e9s \u00e0 partir de bambou et d'autres mat\u00e9riaux de haute qualit\u00e9.  Les stores en bambou sont faciles \u00e0 nettoyer avec un plumeau et sont simples \u00e0 installer et \u00e0 utiliser.<\/p>\n<\/p>\n<p>V\u00e9rifiez les dimensions avant d'acheter.<\/p>\n<p>AVERTISSEMENT : les jeunes enfants peuvent \u00eatre \u00e9touff\u00e9s par les boucles des cordons qui font fonctionner le produit. Pour \u00e9viter tout risque d'\u00e9touffement ou de strangulation, gardez tous les cordons hors de port\u00e9e des jeunes enfants. Ne placez pas de meubles \u00e0 proximit\u00e9 des cordons. N'attachez pas les cordons ensemble, ne les laissez pas s'emm\u00ealer et\/ou former un n\u0153ud.<\/p>\n<ul>\n<li>Mat\u00e9riau : bambou<\/li>\n<li>Couleur : brun<\/li>\n<li>Dimensions : 140 x 160 cm (L x H)<\/li>\n<li>Entretien et nettoyage : d\u00e9poussi\u00e9rer avec un chiffon ou un plumeau.<\/li>\n<li>Facile \u00e0 fixer<\/li>\n<li>La livraison comprend 1 store<\/li>\n<\/ul>\n<p> <a title=\"https:\/\/vdxl.im\/8718475887997_doc_en_1.pdf?t=1734315713\" href=\"https:\/\/vdxl.im\/8718475887997_doc_en_1.pdf?t=1734315713\" target=\"_blank\">GPSR<\/a><\/p>","protected":false},"excerpt":{"rendered":"<ul>\n<li>Mat\u00e9riau : bambou<\/li>\n<li>Couleur : brun<\/li>\n<li>Dimensions : 140 x 160 cm (L x H)<\/li>\n<li>Entretien et nettoyage : d\u00e9poussi\u00e9rer avec un chiffon ou un plumeau.<\/li>\n<li>Facile \u00e0 fixer<\/li>\n<li>La livraison comprend 1 store<\/li>\n<\/ul>","protected":false},"featured_media":1477,"comment_status":"open","ping_status":"closed","template":"","meta":[],"product_brand":[],"product_cat":[51,1352],"product_tag":[956,123,958,949],"class_list":{"0":"post-1478","1":"product","2":"type-product","3":"status-publish","4":"has-post-thumbnail","6":"product_cat-jaloezieen-rolgordijnen","7":"product_cat-raamdecoratie","8":"product_tag-140x160","9":"product_tag-bamboe","10":"product_tag-bruin","11":"product_tag-rolgordijn","13":"first","14":"instock","15":"shipping-taxable","16":"purchasable","17":"product-type-simple"},"_links":{"self":[{"href":"https:\/\/planeto.be\/fr\/wp-json\/wp\/v2\/product\/1478","targetHints":{"allow":["GET"]}}],"collection":[{"href":"https:\/\/planeto.be\/fr\/wp-json\/wp\/v2\/product"}],"about":[{"href":"https:\/\/planeto.be\/fr\/wp-json\/wp\/v2\/types\/product"}],"replies":[{"embeddable":true,"href":"https:\/\/planeto.be\/fr\/wp-json\/wp\/v2\/comments?post=1478"}],"version-history":[{"count":1,"href":"https:\/\/planeto.be\/fr\/wp-json\/wp\/v2\/product\/1478\/revisions"}],"predecessor-version":[{"id":7711,"href":"https:\/\/planeto.be\/fr\/wp-json\/wp\/v2\/product\/1478\/revisions\/7711"}],"wp:featuredmedia":[{"embeddable":true,"href":"https:\/\/planeto.be\/fr\/wp-json\/wp\/v2\/media\/1477"}],"wp:attachment":[{"href":"https:\/\/planeto.be\/fr\/wp-json\/wp\/v2\/media?parent=1478"}],"wp:term":[{"taxonomy":"product_brand","embeddable":true,"href":"https:\/\/planeto.be\/fr\/wp-json\/wp\/v2\/product_brand?post=1478"},{"taxonomy":"product_cat","embeddable":true,"href":"https:\/\/planeto.be\/fr\/wp-json\/wp\/v2\/product_cat?post=1478"},{"taxonomy":"product_tag","embeddable":true,"href":"https:\/\/planeto.be\/fr\/wp-json\/wp\/v2\/product_tag?post=1478"}],"curies":[{"name":"wp","href":"https:\/\/api.w.org\/{rel}","templated":true}]}}